{"id":59,"date":"2016-08-22T11:41:42","date_gmt":"2016-08-22T08:41:42","guid":{"rendered":"https:\/\/kosekoolitus.ee\/?page_id=59"},"modified":"2021-09-08T23:29:46","modified_gmt":"2021-09-08T20:29:46","slug":"loppastme-koolitus","status":"publish","type":"page","link":"https:\/\/www.kosekoolitus.ee\/?page_id=59","title":{"rendered":"L\u00f5ppastmekoolitus"},"content":{"rendered":"<p>L\u00f5ppastmekoolitus\u00a0teostatakse vastavalt riiklikule \u00f5ppekavale. \u00d5ppet\u00f6\u00f6d teostame jooksvalt \u00f5pper\u00fchma komplekteerudes.<\/p>\n<p>Kursusele palume eelregistreerida allj\u00e4rgneval ankeedil ning seej\u00e4rel v\u00f5tame Teiega ise \u00fchendust.<\/p>\n<div style=\"display:none\" class=\"fm-form-container fm-theme1\"><div id=\"fm-pages14\" class=\"fm-pages wdform_page_navigation \" show_title=\"false\" show_numbers=\"true\" type=\"none\"><\/div><form name=\"form14\" action=\"\/index.php?rest_route=%2Fwp%2Fv2%2Fpages%2F59\" method=\"post\" id=\"form14\" class=\"fm-form form14  \" enctype=\"multipart\/form-data\"><input type=\"hidden\" id=\"fm_page_id14\" value=\"59\" name=\"fm_page_id14\" \/><input type=\"hidden\" id=\"fm_current_post_type14\" value=\"page\" name=\"fm_current_post_type14\" \/><input type=\"hidden\" id=\"counter14\" value=\"7\" name=\"counter14\" \/><input type=\"hidden\" id=\"Itemid14\" value=\"\" name=\"Itemid14\" \/><input type=\"hidden\" id=\"fm_shake14\" value=\"1\" name=\"fm_shake14\" \/><input type=\"text\" class=\"fm-hide\" id=\"fm_empty_field_validation14\" value=\"\" name=\"fm_empty_field_validation14\" data-value=\"bd736efb144d599cf463541431fbf5c4\" \/><div class=\"wdform-page-and-images\" style=\"display:table; border-top:0px solid black;\"><div id=\"14form_view1\" class=\"wdform_page\" page_title=\"Untitled page\" next_title=\"Next\" next_type=\"text\" next_class=\"wdform-page-button\" next_checkable=\"false\" previous_title=\"Previous\" previous_type=\"text\" previous_class=\"wdform-page-button\" previous_checkable=\"false\"><div class=\"wdform_section\"><div class=\"wdform_column \"><div wdid=\"1\" class=\"wdform_row \"><div type=\"type_name\" class=\"wdform-field wd-width-100 wd-flex wd-flex-column fm-type_name\" ><div class=\"wdform-label-section wd-width-100  wd-flex-row\" style=\"max-width: 150px;\">    <label  for=\"wdform_1_element_first14\" class=\"wdform-label\">Nimi:<\/label><span class=\"wdform-required\">*<\/span><\/div><div class=\"wdform-element-section wd-flex  wd-flex-row wd-width-100\" style=\"max-width: 100px;\"><div class=\"wd-flex wd-flex-column wd-width-50\"><input type=\"text\" class=\"wd-width-100\" id=\"wdform_1_element_first14\" name=\"wdform_1_element_first14\" data-value=\"\" value=\"\" title=\"\" placeholder=\"\"  \/><label class=\"mini_label\" for=\"wdform_1_element_first14\">Eesnimi<\/label><\/div><div class=\"wd-flex wd-flex-column wd-name-separator\"><\/div><div class=\"wd-flex wd-flex-column wd-width-50\"><input type=\"text\" class=\"wd-width-100\" id=\"wdform_1_element_last14\" name=\"wdform_1_element_last14\" data-value=\"\" value=\"\" title=\"\" placeholder=\"\"  \/><label class=\"mini_label\" for=\"wdform_1_element_last14\">Perenimi<\/label><\/div><\/div><\/div><\/div><div wdid=\"2\" class=\"wdform_row \"><div type=\"type_submitter_mail\" class=\"wdform-field wd-width-100 wd-flex wd-flex-column fm-type_submitter_mail\" ><div class=\"wdform-label-section wd-width-100  wd-flex-row\" style=\"max-width: 150px;\">    <label  for=\"wdform_2_element14\" class=\"wdform-label\">Meiliaadress:<\/label><span class=\"wdform-required\">*<\/span><\/div><div class=\"wdform-element-section wd-flex  wd-flex-row wd-width-100\" style=\"max-width: 200px;\"><input type=\"text\" class=\"wd-width-100\" id=\"wdform_2_element14\" name=\"wdform_2_element14\" data-value=\"\" value=\"\" title=\"\" placeholder=\"\"   onchange=\"wd_check_email('2', '14', 'See ei ole kehtiv e-posti aadress.')\" \/><\/div><\/div><\/div><div wdid=\"3\" class=\"wdform_row \"><div type=\"type_text\" class=\"wdform-field wd-width-100 wd-flex wd-flex-column fm-type_text\" ><div class=\"wdform-label-section wd-width-100  wd-flex-row wd-align-items-center\" style=\"max-width: 150px;\">    <label  for=\"wdform_3_element14\" class=\"wdform-label\">Telefon:<\/label><span class=\"wdform-required\">*<\/span><\/div><div class=\"wdform-element-section wd-flex  wd-flex-row wd-align-items-center wd-width-100\" style=\"max-width: 200px;\"><input type=\"text\"                           class=\"wd-width-100\"                           id=\"wdform_3_element14\"                           name=\"wdform_3_element14\"                           value=\"\"                           data-value=\"\"                           title=\"\"                           placeholder=\"\"                                                       \/><\/div><\/div><\/div><div wdid=\"6\" class=\"wdform_row \"><div type=\"type_text\" class=\"wdform-field wd-width-100 wd-flex wd-flex-column fm-type_text\" ><div class=\"wdform-label-section wd-width-100  wd-flex-row wd-align-items-center\" style=\"max-width: 150px;\">    <label  for=\"wdform_6_element14\" class=\"wdform-label\">Esmaste lubade kehtivusaeg<\/label><span class=\"wdform-required\">*<\/span><\/div><div class=\"wdform-element-section wd-flex  wd-flex-row wd-align-items-center wd-width-100\" style=\"max-width: 200px;\"><input type=\"text\"                           class=\"wd-width-100\"                           id=\"wdform_6_element14\"                           name=\"wdform_6_element14\"                           value=\"Sisestage siia kuup\u00e4ev\"                           data-value=\"Sisestage siia kuup\u00e4ev\"                           title=\"\"                           placeholder=\"\"                                                       \/><\/div><\/div><\/div><div wdid=\"4\" class=\"wdform_row \"><div type=\"type_submit_reset\" class=\"wdform-field wd-width-100 wd-flex wd-flex-column fm-type_submit_reset\" ><div class=\"wdform-element-section wd-flex  wd-flex-row wd-width-100\" ><button  type=\"button\" class=\"button-submit\" onclick=\"fm_submit_form('14');\"  data-ajax=\"0\"><span class=\"fm-submit-loading spinner fm-ico-spinner\"><\/span>Saada!<\/button><button  type=\"button\" class=\"button-reset wd-hidden\" onclick=\"fm_reset_form(14);\" >Reset<\/button><\/div><\/div><\/div><\/div><\/div><div valign=\"top\" class=\"wdform_footer\" style=\"width: 100%;\"><div style=\"width: 100%;\"><div style=\"width: 100%; display: table;\"><div style=\"display: table-row-group;\"><div id=\"14page_nav1\" style=\"display: table-row;\"><\/div><\/div><\/div><\/div><\/div><\/div><\/div><div class=\"wdform_preload\"><\/div><input type=\"hidden\" name=\"fm-current-page\" value=\"https:\/\/www.kosekoolitus.ee\/index.php?rest_route=%2Fwp%2Fv2%2Fpages%2F59\" \/><\/form><\/div>\n<form action=\"mailto:nele.andresen@gmail.com\" enctype=\"text\/plain\" method=\"post\"><\/form>\n","protected":false},"excerpt":{"rendered":"<div class=\"mh-excerpt\"><p>L\u00f5ppastmekoolitus\u00a0teostatakse vastavalt riiklikule \u00f5ppekavale. \u00d5ppet\u00f6\u00f6d teostame jooksvalt \u00f5pper\u00fchma komplekteerudes. Kursusele palume eelregistreerida allj\u00e4rgneval ankeedil ning seej\u00e4rel v\u00f5tame Teiega ise \u00fchendust.<\/p>\n<\/div>","protected":false},"author":1,"featured_media":0,"parent":9,"menu_order":0,"comment_status":"closed","ping_status":"closed","template":"","meta":{"footnotes":""},"_links":{"self":[{"href":"https:\/\/www.kosekoolitus.ee\/index.php?rest_route=\/wp\/v2\/pages\/59"}],"collection":[{"href":"https:\/\/www.kosekoolitus.ee\/index.php?rest_route=\/wp\/v2\/pages"}],"about":[{"href":"https:\/\/www.kosekoolitus.ee\/index.php?rest_route=\/wp\/v2\/types\/page"}],"author":[{"embeddable":true,"href":"https:\/\/www.kosekoolitus.ee\/index.php?rest_route=\/wp\/v2\/users\/1"}],"replies":[{"embeddable":true,"href":"https:\/\/www.kosekoolitus.ee\/index.php?rest_route=%2Fwp%2Fv2%2Fcomments&post=59"}],"version-history":[{"count":5,"href":"https:\/\/www.kosekoolitus.ee\/index.php?rest_route=\/wp\/v2\/pages\/59\/revisions"}],"predecessor-version":[{"id":251,"href":"https:\/\/www.kosekoolitus.ee\/index.php?rest_route=\/wp\/v2\/pages\/59\/revisions\/251"}],"up":[{"embeddable":true,"href":"https:\/\/www.kosekoolitus.ee\/index.php?rest_route=\/wp\/v2\/pages\/9"}],"wp:attachment":[{"href":"https:\/\/www.kosekoolitus.ee\/index.php?rest_route=%2Fwp%2Fv2%2Fmedia&parent=59"}],"curies":[{"name":"wp","href":"https:\/\/api.w.org\/{rel}","templated":true}]}}