{"id":71,"date":"2016-08-22T11:49:31","date_gmt":"2016-08-22T08:49:31","guid":{"rendered":"https:\/\/kosekoolitus.ee\/?page_id=71"},"modified":"2022-11-08T21:24:59","modified_gmt":"2022-11-08T19:24:59","slug":"be-kategooria","status":"publish","type":"page","link":"https:\/\/www.kosekoolitus.ee\/?page_id=71","title":{"rendered":"BE-kategooria"},"content":{"rendered":"<p>BE-kategooria kursused toimuvad vastavalt riiklikule \u00f5ppekavale. \u00d5ppet\u00f6\u00f6d teostame jooksvalt \u00f5pper\u00fchma komplekteerudes.<\/p>\n<p>BE-kategooria kursustele palume eelregistreerida allj\u00e4rgneval ankeedil ning seej\u00e4rel v\u00f5tame Teiega ise \u00fchendust.<\/p>\n<div style=\"display:none\" class=\"fm-form-container fm-theme1\"><div id=\"fm-pages15\" class=\"fm-pages wdform_page_navigation \" show_title=\"false\" show_numbers=\"true\" type=\"none\"><\/div><form name=\"form15\" action=\"\/index.php?rest_route=%2Fwp%2Fv2%2Fpages%2F71\" method=\"post\" id=\"form15\" class=\"fm-form form15  \" enctype=\"multipart\/form-data\"><input type=\"hidden\" id=\"fm_page_id15\" value=\"71\" name=\"fm_page_id15\" \/><input type=\"hidden\" id=\"fm_current_post_type15\" value=\"page\" name=\"fm_current_post_type15\" \/><input type=\"hidden\" id=\"counter15\" value=\"8\" name=\"counter15\" \/><input type=\"hidden\" id=\"Itemid15\" value=\"\" name=\"Itemid15\" \/><input type=\"hidden\" id=\"fm_shake15\" value=\"1\" name=\"fm_shake15\" \/><input type=\"text\" class=\"fm-hide\" id=\"fm_empty_field_validation15\" value=\"\" name=\"fm_empty_field_validation15\" data-value=\"bd736efb144d599cf463541431fbf5c4\" \/><div class=\"wdform-page-and-images fm-form-builder\" style=\"display:table; border-top:0px solid black;\"><div id=\"15form_view1\" class=\"wdform_page\" page_title=\"Untitled page\" next_title=\"Next\" next_type=\"text\" next_class=\"wdform-page-button\" next_checkable=\"false\" previous_title=\"Previous\" previous_type=\"text\" previous_class=\"wdform-page-button\" previous_checkable=\"false\"><div class=\"wdform_section fm-col-1\"><div class=\"wdform_column\"><div wdid=\"1\" class=\"wdform_row\"><div type=\"type_name\" class=\"wdform-field wd-width-100 wd-flex wd-flex-row fm-type_name\" ><div class=\"wdform-label-section wd-width-30  wd-flex-row\" style=\"max-width: 150px;\">    <label  for=\"wdform_1_element_first15\" class=\"wdform-label\">Nimi:<\/label><span class=\"wdform-required\">*<\/span><\/div><div class=\"wdform-element-section wd-flex  wd-flex-row wd-width-70\" style=\"max-width: 250px;\"><div class=\"wd-flex wd-flex-column wd-width-50\"><input type=\"text\" class=\"wd-width-100\" id=\"wdform_1_element_first15\" name=\"wdform_1_element_first15\" data-value=\"\" value=\"\" title=\"\" placeholder=\"\"  \/><label class=\"mini_label\" for=\"wdform_1_element_first15\">Eesnimi<\/label><\/div><div class=\"wd-flex wd-flex-column wd-name-separator\"><\/div><div class=\"wd-flex wd-flex-column wd-width-50\"><input type=\"text\" class=\"wd-width-100\" id=\"wdform_1_element_last15\" name=\"wdform_1_element_last15\" data-value=\"\" value=\"\" title=\"\" placeholder=\"\"  \/><label class=\"mini_label\" for=\"wdform_1_element_last15\">Perenimi<\/label><\/div><\/div><\/div><\/div><\/div><div class=\"wdform_column\"><div wdid=\"2\" class=\"wdform_row\"><div type=\"type_submitter_mail\" class=\"wdform-field wd-width-100 wd-flex wd-flex-row fm-type_submitter_mail\" ><div class=\"wdform-label-section wd-width-30  wd-flex-row\" style=\"max-width: 150px;\">    <label  for=\"wdform_2_element15\" class=\"wdform-label\">Meiliaadress:<\/label><span class=\"wdform-required\">*<\/span><\/div><div class=\"wdform-element-section wd-flex  wd-flex-row wd-width-70\" style=\"max-width: 200px;\"><input type=\"text\" class=\"wd-width-100\" id=\"wdform_2_element15\" name=\"wdform_2_element15\" data-value=\"\" value=\"\" title=\"\" placeholder=\"\"   onchange=\"wd_check_email('2', '15', 'See ei ole kehtiv e-posti aadress.')\" \/><\/div><\/div><\/div><\/div><div class=\"wdform_column\"><div wdid=\"3\" class=\"wdform_row\"><div type=\"type_text\" class=\"wdform-field wd-width-100 wd-flex wd-flex-row fm-type_text\" ><div class=\"wdform-label-section wd-width-30  wd-flex-row wd-align-items-center\" style=\"max-width: 150px;\">    <label  for=\"wdform_3_element15\" class=\"wdform-label\">Telefon:<\/label><span class=\"wdform-required\">*<\/span><\/div><div class=\"wdform-element-section wd-flex  wd-flex-row wd-align-items-center wd-width-70\" style=\"max-width: 200px;\"><input type=\"text\"                           class=\"wd-width-100\"                           id=\"wdform_3_element15\"                           name=\"wdform_3_element15\"                           value=\"\"                           data-value=\"\"                           title=\"\"                           placeholder=\"\"                                                       \/><\/div><\/div><\/div><\/div><div class=\"wdform_column\"><div wdid=\"7\" class=\"wdform_row\"><div type=\"type_checkbox\" class=\"wdform-field wd-width-100 wd-flex wd-flex-row fm-type_checkbox\" ><div class=\"wdform-label-section wd-width-30  wd-flex-wrap wd-flex-row\" style=\"max-width: 200px;\">    <label  class=\"wdform-label\">Olemasolevad juhtimis\u00f5igused:<\/label><span class=\"wdform-required\">*<\/span><\/div><div class=\"wdform-element-section wd-flex  wd-flex-wrap wd-flex-row wd-width-70\" ><div class=\"wd-flex wd-flex-row\"><input type=\"hidden\" name=\"wdform_7_element15\" value=\"\" \/><div class=\"checkbox-div wd-choice wd-flex wd-flex-row\"><input type=\"checkbox\"  id=\"wdform_7_element150\" name=\"wdform_7_element150\" value=\"B-kategooria\"    \/><label class=\"wd-align-items-center wd-flex wd-flex-row\" for=\"wdform_7_element150\"><span><\/span>B-kategooria<\/label><\/div><div class=\"checkbox-div wd-choice wd-flex wd-flex-row\"><input type=\"checkbox\"  id=\"wdform_7_element151\" name=\"wdform_7_element151\" value=\"C-kategooria\"    \/><label class=\"wd-align-items-center wd-flex wd-flex-row\" for=\"wdform_7_element151\"><span><\/span>C-kategooria<\/label><\/div><div class=\"checkbox-div wd-choice wd-flex wd-flex-row\"><input type=\"checkbox\"  id=\"wdform_7_element152\" name=\"wdform_7_element152\" value=\"D-kategooria\"    \/><label class=\"wd-align-items-center wd-flex wd-flex-row\" for=\"wdform_7_element152\"><span><\/span>D-kategooria<\/label><\/div><div class=\"checkbox-div wd-choice wd-flex wd-flex-row\"><input type=\"checkbox\"  id=\"wdform_7_element153\" name=\"wdform_7_element153\" value=\"\u00dckski eelnevatest\"    \/><label class=\"wd-align-items-center wd-flex wd-flex-row\" for=\"wdform_7_element153\"><span><\/span>\u00dckski eelnevatest<\/label><\/div><\/div><\/div><\/div><\/div><\/div><div class=\"wdform_column\"><div wdid=\"4\" class=\"wdform_row\"><div type=\"type_submit_reset\" class=\"wdform-field wd-width-100 wd-flex wd-flex-column fm-type_submit_reset\" ><div class=\"wdform-element-section wd-flex  wd-flex-row wd-width-100\" ><button  type=\"button\" class=\"button-submit\" onclick=\"fm_submit_form('15');\"  data-ajax=\"0\"><span class=\"fm-submit-loading spinner fm-ico-spinner\"><\/span>Saada!<\/button><button  type=\"button\" class=\"button-reset wd-hidden\" onclick=\"fm_reset_form(15);\" >Reset<\/button><\/div><\/div><\/div><\/div><\/div><div valign=\"top\" class=\"wdform_footer\" style=\"width: 100%;\"><div style=\"width: 100%;\"><div style=\"width: 100%; display: table;\"><div style=\"display: table-row-group;\"><div id=\"15page_nav1\" style=\"display: table-row;\"><\/div><\/div><\/div><\/div><\/div><\/div><\/div><div class=\"wdform_preload\"><\/div><input type=\"hidden\" name=\"fm-current-page\" value=\"https:\/\/www.kosekoolitus.ee\/index.php?rest_route=%2Fwp%2Fv2%2Fpages%2F71\" \/><\/form><\/div>\n<p>Vaata ka tervet <a href=\"https:\/\/kosekoolitus.ee\/wp-content\/uploads\/2022\/11\/BE-kategooria-oppekava-Kose-Koolitus-MTU.pdf\">BE-kategooria \u00f5ppekava!<\/a><\/p>\n","protected":false},"excerpt":{"rendered":"<div class=\"mh-excerpt\"><p>BE-kategooria kursused toimuvad vastavalt riiklikule \u00f5ppekavale. \u00d5ppet\u00f6\u00f6d teostame jooksvalt \u00f5pper\u00fchma komplekteerudes. BE-kategooria kursustele palume eelregistreerida allj\u00e4rgneval ankeedil ning seej\u00e4rel v\u00f5tame Teiega ise \u00fchendust. Vaata ka <a class=\"mh-excerpt-more\" href=\"https:\/\/www.kosekoolitus.ee\/?page_id=71\" title=\"BE-kategooria\"><span>Read More<\/span><\/a><\/p>\n<\/div>","protected":false},"author":1,"featured_media":0,"parent":9,"menu_order":0,"comment_status":"closed","ping_status":"closed","template":"","meta":{"footnotes":""},"_links":{"self":[{"href":"https:\/\/www.kosekoolitus.ee\/index.php?rest_route=\/wp\/v2\/pages\/71"}],"collection":[{"href":"https:\/\/www.kosekoolitus.ee\/index.php?rest_route=\/wp\/v2\/pages"}],"about":[{"href":"https:\/\/www.kosekoolitus.ee\/index.php?rest_route=\/wp\/v2\/types\/page"}],"author":[{"embeddable":true,"href":"https:\/\/www.kosekoolitus.ee\/index.php?rest_route=\/wp\/v2\/users\/1"}],"replies":[{"embeddable":true,"href":"https:\/\/www.kosekoolitus.ee\/index.php?rest_route=%2Fwp%2Fv2%2Fcomments&post=71"}],"version-history":[{"count":5,"href":"https:\/\/www.kosekoolitus.ee\/index.php?rest_route=\/wp\/v2\/pages\/71\/revisions"}],"predecessor-version":[{"id":318,"href":"https:\/\/www.kosekoolitus.ee\/index.php?rest_route=\/wp\/v2\/pages\/71\/revisions\/318"}],"up":[{"embeddable":true,"href":"https:\/\/www.kosekoolitus.ee\/index.php?rest_route=\/wp\/v2\/pages\/9"}],"wp:attachment":[{"href":"https:\/\/www.kosekoolitus.ee\/index.php?rest_route=%2Fwp%2Fv2%2Fmedia&parent=71"}],"curies":[{"name":"wp","href":"https:\/\/api.w.org\/{rel}","templated":true}]}}